{"id":22475,"date":"2012-09-04T16:56:42","date_gmt":"2012-09-04T14:56:42","guid":{"rendered":"http:\/\/www.glitter.si\/?page_id=22475"},"modified":"2026-04-24T13:42:57","modified_gmt":"2026-04-24T11:42:57","slug":"oglasevanje","status":"publish","type":"page","link":"https:\/\/www.glitter.si\/?page_id=22475","title":{"rendered":"Ogla\u0161evanje"},"content":{"rendered":"<p style=\"text-align: justify;\"><strong>Glitter.si<\/strong> je spletni medij, ki se posve\u010da modi, trendom, \u017eivljenju in \u0161e mnogim ostalim lepim stvarem v na\u0161i dru\u017ebi. Eden izmed na\u0161ih ciljev je tudi ponuditi prostor slovenskim oblikovalcem in njihovim projektom. To smo lepo izvedli v na\u0161i popularni rubriki &#8220;<a href=\"https:\/\/www.glitter.si\/nadebudni-oblikovalci\/\" target=\"_blank\" rel=\"noopener\">Nadebudni oblikovalci<\/a>&#8220;. Nad slovensko modo in lepimi temami so navdu\u0161eni tudi na\u0161i zvesti obiskovalci, ki jih je iz meseca v mesec ve\u010d. V spletni oddajici &#8220;<a title=\"glitter beauty\" href=\"https:\/\/www.glitter.si\/tagi\/glitter-beauty\/\" target=\"_blank\" rel=\"noopener\">glitter<sub>\u2665<\/sub>beauty<\/a>&#8221; vam predstavljamo lepotne in make up nasvete, v oddajici &#8220;<a title=\"glitter fashion\" href=\"https:\/\/www.glitter.si\/tagi\/glitter-fashion\/\" target=\"_blank\" rel=\"noopener\">glitter<sub>\u2665<\/sub>fashion<\/a>&#8221; pa stajlinge za razli\u010dne prilo\u017enosti. \u010ce si \u017eelite tudi Vi biti del na\u0161ega medija, Vam lahko omogo\u010dimo ugodno predstavitev va\u0161ega podjetja (izdelkov, trgovine, dogodka &#8230;) na na\u0161i spletni strani v obliki \u010dlanka, reklamne pasice ali v obliki videa. <strong>Za ve\u010d informacij nas kontaktirajte preko spodnjega obrazca ali nam pi\u0161ite na <a href=\"mailto:info@glitter.si\">info@glitter.si<\/a>.<\/strong><\/p>\n","protected":false},"excerpt":{"rendered":"<p>Glitter.si je spletni medij, ki se posve\u010da modi, trendom, \u017eivljenju in \u0161e mnogim ostalim lepim stvarem v na\u0161i dru\u017ebi. Eden izmed na\u0161ih ciljev je tudi ponuditi prostor slovenskim oblikovalcem in njihovim projektom. To smo lepo izvedli v na\u0161i popularni rubriki &#8220;Nadebudni oblikovalci&#8220;. Nad slovensko modo in lepimi temami so navdu\u0161eni tudi na\u0161i zvesti obiskovalci, ki [&hellip;]<\/p>\n","protected":false},"author":1,"featured_media":0,"parent":0,"menu_order":0,"comment_status":"open","ping_status":"closed","template":"","meta":{"footnotes":""},"class_list":["post-22475","page","type-page","status-publish"],"yoast_head":"<!-- This site is optimized with the Yoast SEO plugin v27.4 - https:\/\/yoast.com\/product\/yoast-seo-wordpress\/ -->\n<title>Ogla\u0161evanje - Glitter.si<\/title>\n<meta name=\"robots\" content=\"index, follow, max-snippet:-1, max-image-preview:large, max-video-preview:-1\" \/>\n<link rel=\"canonical\" href=\"https:\/\/www.glitter.si\/?page_id=22475\" \/>\n<meta property=\"og:locale\" content=\"sl_SI\" \/>\n<meta property=\"og:type\" content=\"article\" \/>\n<meta property=\"og:title\" content=\"Ogla\u0161evanje - Glitter.si\" \/>\n<meta property=\"og:description\" content=\"Glitter.si je spletni medij, ki se posve\u010da modi, trendom, \u017eivljenju in \u0161e mnogim ostalim lepim stvarem v na\u0161i dru\u017ebi. Eden izmed na\u0161ih ciljev je tudi ponuditi prostor slovenskim oblikovalcem in njihovim projektom. To smo lepo izvedli v na\u0161i popularni rubriki &#8220;Nadebudni oblikovalci&#8220;. Nad slovensko modo in lepimi temami so navdu\u0161eni tudi na\u0161i zvesti obiskovalci, ki [&hellip;]\" \/>\n<meta property=\"og:url\" content=\"https:\/\/www.glitter.si\/?page_id=22475\" \/>\n<meta property=\"og:site_name\" content=\"Glitter.si\" \/>\n<meta property=\"article:modified_time\" content=\"2026-04-24T11:42:57+00:00\" \/>\n<meta name=\"twitter:card\" content=\"summary_large_image\" \/>\n<meta name=\"twitter:label1\" content=\"Est. reading time\" \/>\n\t<meta name=\"twitter:data1\" content=\"1 minuta\" \/>\n<script type=\"application\/ld+json\" class=\"yoast-schema-graph\">{\"@context\":\"https:\\\/\\\/schema.org\",\"@graph\":[{\"@type\":\"WebPage\",\"@id\":\"https:\\\/\\\/www.glitter.si\\\/?page_id=22475\",\"url\":\"https:\\\/\\\/www.glitter.si\\\/?page_id=22475\",\"name\":\"Ogla\u0161evanje - Glitter.si\",\"isPartOf\":{\"@id\":\"https:\\\/\\\/www.glitter.si\\\/#website\"},\"datePublished\":\"2012-09-04T14:56:42+00:00\",\"dateModified\":\"2026-04-24T11:42:57+00:00\",\"breadcrumb\":{\"@id\":\"https:\\\/\\\/www.glitter.si\\\/?page_id=22475#breadcrumb\"},\"inLanguage\":\"sl-SI\",\"potentialAction\":[{\"@type\":\"ReadAction\",\"target\":[\"https:\\\/\\\/www.glitter.si\\\/?page_id=22475\"]}]},{\"@type\":\"BreadcrumbList\",\"@id\":\"https:\\\/\\\/www.glitter.si\\\/?page_id=22475#breadcrumb\",\"itemListElement\":[{\"@type\":\"ListItem\",\"position\":1,\"name\":\"Home\",\"item\":\"https:\\\/\\\/www.glitter.si\\\/\"},{\"@type\":\"ListItem\",\"position\":2,\"name\":\"Ogla\u0161evanje\"}]},{\"@type\":\"WebSite\",\"@id\":\"https:\\\/\\\/www.glitter.si\\\/#website\",\"url\":\"https:\\\/\\\/www.glitter.si\\\/\",\"name\":\"Glitter.si\",\"description\":\"spletna stran o vsem lepem\",\"potentialAction\":[{\"@type\":\"SearchAction\",\"target\":{\"@type\":\"EntryPoint\",\"urlTemplate\":\"https:\\\/\\\/www.glitter.si\\\/?s={search_term_string}\"},\"query-input\":{\"@type\":\"PropertyValueSpecification\",\"valueRequired\":true,\"valueName\":\"search_term_string\"}}],\"inLanguage\":\"sl-SI\"}]}<\/script>\n<!-- \/ Yoast SEO plugin. -->","yoast_head_json":{"title":"Ogla\u0161evanje - Glitter.si","robots":{"index":"index","follow":"follow","max-snippet":"max-snippet:-1","max-image-preview":"max-image-preview:large","max-video-preview":"max-video-preview:-1"},"canonical":"https:\/\/www.glitter.si\/?page_id=22475","og_locale":"sl_SI","og_type":"article","og_title":"Ogla\u0161evanje - Glitter.si","og_description":"Glitter.si je spletni medij, ki se posve\u010da modi, trendom, \u017eivljenju in \u0161e mnogim ostalim lepim stvarem v na\u0161i dru\u017ebi. Eden izmed na\u0161ih ciljev je tudi ponuditi prostor slovenskim oblikovalcem in njihovim projektom. To smo lepo izvedli v na\u0161i popularni rubriki &#8220;Nadebudni oblikovalci&#8220;. Nad slovensko modo in lepimi temami so navdu\u0161eni tudi na\u0161i zvesti obiskovalci, ki [&hellip;]","og_url":"https:\/\/www.glitter.si\/?page_id=22475","og_site_name":"Glitter.si","article_modified_time":"2026-04-24T11:42:57+00:00","twitter_card":"summary_large_image","twitter_misc":{"Est. reading time":"1 minuta"},"schema":{"@context":"https:\/\/schema.org","@graph":[{"@type":"WebPage","@id":"https:\/\/www.glitter.si\/?page_id=22475","url":"https:\/\/www.glitter.si\/?page_id=22475","name":"Ogla\u0161evanje - Glitter.si","isPartOf":{"@id":"https:\/\/www.glitter.si\/#website"},"datePublished":"2012-09-04T14:56:42+00:00","dateModified":"2026-04-24T11:42:57+00:00","breadcrumb":{"@id":"https:\/\/www.glitter.si\/?page_id=22475#breadcrumb"},"inLanguage":"sl-SI","potentialAction":[{"@type":"ReadAction","target":["https:\/\/www.glitter.si\/?page_id=22475"]}]},{"@type":"BreadcrumbList","@id":"https:\/\/www.glitter.si\/?page_id=22475#breadcrumb","itemListElement":[{"@type":"ListItem","position":1,"name":"Home","item":"https:\/\/www.glitter.si\/"},{"@type":"ListItem","position":2,"name":"Ogla\u0161evanje"}]},{"@type":"WebSite","@id":"https:\/\/www.glitter.si\/#website","url":"https:\/\/www.glitter.si\/","name":"Glitter.si","description":"spletna stran o vsem lepem","potentialAction":[{"@type":"SearchAction","target":{"@type":"EntryPoint","urlTemplate":"https:\/\/www.glitter.si\/?s={search_term_string}"},"query-input":{"@type":"PropertyValueSpecification","valueRequired":true,"valueName":"search_term_string"}}],"inLanguage":"sl-SI"}]}},"_links":{"self":[{"href":"https:\/\/www.glitter.si\/index.php?rest_route=\/wp\/v2\/pages\/22475","targetHints":{"allow":["GET"]}}],"collection":[{"href":"https:\/\/www.glitter.si\/index.php?rest_route=\/wp\/v2\/pages"}],"about":[{"href":"https:\/\/www.glitter.si\/index.php?rest_route=\/wp\/v2\/types\/page"}],"author":[{"embeddable":true,"href":"https:\/\/www.glitter.si\/index.php?rest_route=\/wp\/v2\/users\/1"}],"replies":[{"embeddable":true,"href":"https:\/\/www.glitter.si\/index.php?rest_route=%2Fwp%2Fv2%2Fcomments&post=22475"}],"version-history":[{"count":1,"href":"https:\/\/www.glitter.si\/index.php?rest_route=\/wp\/v2\/pages\/22475\/revisions"}],"predecessor-version":[{"id":358721,"href":"https:\/\/www.glitter.si\/index.php?rest_route=\/wp\/v2\/pages\/22475\/revisions\/358721"}],"wp:attachment":[{"href":"https:\/\/www.glitter.si\/index.php?rest_route=%2Fwp%2Fv2%2Fmedia&parent=22475"}],"curies":[{"name":"wp","href":"https:\/\/api.w.org\/{rel}","templated":true}]}}