{"id":44511,"date":"2013-06-16T17:41:57","date_gmt":"2013-06-16T15:41:57","guid":{"rendered":"http:\/\/www.glitter.si\/?page_id=44511"},"modified":"2026-04-24T13:43:27","modified_gmt":"2026-04-24T11:43:27","slug":"piskotki","status":"publish","type":"page","link":"https:\/\/www.glitter.si\/?page_id=44511","title":{"rendered":"Pi\u0161kotki"},"content":{"rendered":"<p style=\"text-align: justify;\">Novi Zakon o elektronskih komunikacijah (Uradni list \u0161t. 109\/2012), ZEKom-1 je v pravni red prinesel nova pravila glede uporabe pi\u0161kotkov in podobnih tehnologij za shranjevanje informacij ali dostop do informacij, shranjenih na ra\u010dunalniku ali mobilni napravi uporabnika.<\/p>\n<div style=\"text-align: justify;\">\n<h2>1. O pi\u0161kotkih<\/h2>\n<p>Pi\u0161kotki\u00a0<b>niso ni\u010d novega<\/b>, vsi obiskovalci spletnih strani imamo na svojih ra\u010dunalnikih, tablicah, mobitelih shranjenih \u017ee veliko pi\u0161kotkov z razli\u010dnih spletnih strani. Novo je zgolj to, da z novo zakonodajo (ZEKom-1) prihaja do sprememb glede obve\u0161\u010danja oz. sogla\u0161anja obiskovalcev z njihovo uporabo.<\/p>\n<\/div>\n<hr \/>\n<div style=\"text-align: justify;\">\n<h2>2. Kaj so pi\u0161kotki?<\/h2>\n<p>So male besedilne datoteke, ki jih ve\u010dina spletnih mest shrani v naprave, s katerimi uporabniki dostopajo do interneta z namenom prepoznavanja posameznih naprav, ki so jih uporabniki uporabili pri dostopu. Njihovo shranjevanje je pod popolnim nadzorom brskalnika, ki ga ima uporabnik &#8211; ta lahko\u00a0<b>shranjevanje pi\u0161kotkov po \u017eelji omeji ali onemogo\u010di<\/b>. Pi\u0161kotki\u00a0<b>niso \u0161kodljivi<\/b>\u00a0in\u00a0<b>so vedno \u010dasovno omejeni.\u00a0<\/b><\/p>\n<p>Pi\u0161kotke uporabljamo za \u0161tetje obiskovalcev, shranjevanju nakupov v ko\u0161arici in shranjevanju nastavljenega jezika na strani in shranjevanje tvojega uporabni\u0161kega imena.\u00a0Z uporabo tega spletnega mesta se strinjate, da spletno mesto www.glitter.si nastavi pi\u0161kotke na va\u0161i napravi.<\/p>\n<h2>*ONEMOGO\u010cENJE PI\u0160KOTKOV<\/h2>\n<p>Vi odlo\u010dite, ali boste dovolili shranjevanje pi\u0161kotkov na va\u0161i napravi. Nastavitve za pi\u0161kotke lahko nadzirate in spreminjate v va\u0161em spletnem brskalniku.<\/p>\n<p><span style=\"color: #000000;\"><span style=\"font-family: Arial, serif;\"><span style=\"font-size: large;\"><b>Kako upravljati pi\u0161kotke?<\/b><\/span><\/span><\/span><\/p>\n<p><span style=\"color: #000000;\"><span style=\"font-family: Arial, serif;\"><span style=\"font-size: medium;\">Uporabnik v vsakem \u010dasu ohranja popoln nadzor nad pi\u0161kotki, saj jih lahko kadarkoli izbri\u0161e, omeji ali povsem onemogo\u010di. Navodila, kako to stori, se razlikujejo od naprave do naprave in so na voljo na doma\u010di strani posameznega proizvajalca programske opreme. Vi torej odlo\u010dite, ali boste dovolili shranjevanje pi\u0161kotkov na svoji napravi. Nastavitve zanje lahko nadzirate in spreminjate v svojem spletnem brskalniku:<\/span><\/span><\/span><\/p>\n<ul>\n<li><a href=\"https:\/\/support.google.com\/chrome\/answer\/95647?hl=sl-sl&amp;p=cpn_cookies\" target=\"_blank\" rel=\"noopener\">Chrome<\/a><\/li>\n<li><a href=\"http:\/\/support.mozilla.org\/sl\/kb\/Kako%20aktivirate%20in%20deaktivirate%20pi%C5%A1kote\" target=\"_blank\" rel=\"noopener\">Firefox<\/a><\/li>\n<li><a href=\"http:\/\/windows.microsoft.com\/sl-si\/windows7\/how-to-manage-cookies-in-internet-explorer-9\" target=\"_blank\" rel=\"noopener\">Internet Explorer 9<\/a><\/li>\n<li><a href=\"http:\/\/windows.microsoft.com\/sl-si\/windows-vista\/block-or-allow-cookies\" target=\"_blank\" rel=\"noopener\">Internet Explorer 7 in 8<\/a><\/li>\n<li><a href=\"http:\/\/www.opera.com\/help\/tutorials\/security\/cookies\/\" target=\"_blank\" rel=\"noopener\">Opera (stran v angle\u0161kem jeziku)<\/a><\/li>\n<li><a href=\"http:\/\/support.apple.com\/kb\/PH11913\" target=\"_blank\" rel=\"noopener\">Safari (stran v angle\u0161kem jeziku)<\/a><\/li>\n<\/ul>\n<\/div>\n<hr \/>\n<div>\n<h2 style=\"text-align: justify;\">3. Zakaj so pi\u0161kotki potrebni?<\/h2>\n<p style=\"text-align: justify;\">So temeljnega pomena za\u00a0<b>zagotavljanje uporabniku prijaznih spletnih storitev.<\/b>\u00a0Interakcija med spletnim uporabnikom in spletnim mestom je s pomo\u010djo pi\u0161kotkov hitrej\u0161a in enostavnej\u0161a. Z njihovo pomo\u010djo si spletno mesto zapomni posameznikove preference in izku\u0161nje, s tem je prihranjen \u010das, brskanje po spletnih mestih pa bolj u\u010dinkovito in prijazno.<\/p>\n<\/div>\n<hr \/>\n<div>\n<h2 style=\"text-align: justify;\">4. Pravno obvestilo in varovanje osebnih podatkov<\/h2>\n<p style=\"text-align: justify;\">Spletni medij Glitter, zapisan v razvid medijev po \u0161t.\u00a01710 (Glitter) se zavezuje, da podatkov, ki jih boste posredovali preko spletnih strani\u00a0www.videostoritve.si ali na kakr\u0161enkoli drug na\u010din, ne bo prodajalo, posojalo ali kakorkoli druga\u010de posredovalo tretjim osebam. Ob obisku strani se nekateri podatki (IP naslov, datum, \u010das, naslov strani, s katere prihajate) shranijo na stre\u017enik. Ti podatki so anonimni in se uporabljajo zgolj za statisti\u010dne obdelave. Medij Glitter\u00a0se bo trudil, da bodo podatki na spletni strani pravilni in a\u017eurni, vendar Glitter, niti druga pravna ali fizi\u010dna oseba, ki je sodelovala pri izdelavi spletne strani ali \u0161e sodeluje pri nadgradnjah spletne strani, ne more biti odgovorna za navadno \u0161kodo ali izgubljeni dobi\u010dek ali nepremo\u017eenjsko \u0161kodo, ki bi lahko uporabniku nastala zaradi uporabe spletne strani ali nezmo\u017enosti uporabe le-te. Za morebitne spore iz naslova uporabe spletne strani se uporabi slovenska zakonodaja. Za re\u0161itev morebitnih sporov je pristojno sodi\u0161\u010de.\u00a0Z uporabo spletne strani uporabnik potrjuje, da je sprejel tu opisane pogoje in da se z njimi strinja.<\/p>\n<p>Kontakt: info@glitter.si<\/p>\n<\/div>\n<p>[\/vc_column_text][\/vc_column][vc_column width=&#8221;1\/6&#8243;][\/vc_column][\/vc_row][vc_row][vc_column][thb_gap height=&#8221;50&#8243;][\/vc_column][\/vc_row]<\/p>\n","protected":false},"excerpt":{"rendered":"<p>Novi Zakon o elektronskih komunikacijah (Uradni list \u0161t. 109\/2012), ZEKom-1 je v pravni red prinesel nova pravila glede uporabe pi\u0161kotkov in podobnih tehnologij za shranjevanje informacij ali dostop do informacij, shranjenih na ra\u010dunalniku ali mobilni napravi uporabnika. 1. O pi\u0161kotkih Pi\u0161kotki\u00a0niso ni\u010d novega, vsi obiskovalci spletnih strani imamo na svojih ra\u010dunalnikih, tablicah, mobitelih shranjenih \u017ee [&hellip;]<\/p>\n","protected":false},"author":1,"featured_media":0,"parent":0,"menu_order":0,"comment_status":"open","ping_status":"closed","template":"","meta":{"footnotes":""},"class_list":["post-44511","page","type-page","status-publish"],"yoast_head":"<!-- This site is optimized with the Yoast SEO plugin v27.4 - https:\/\/yoast.com\/product\/yoast-seo-wordpress\/ -->\n<title>Pi\u0161kotki - Glitter.si<\/title>\n<meta name=\"robots\" content=\"index, follow, max-snippet:-1, max-image-preview:large, max-video-preview:-1\" \/>\n<link rel=\"canonical\" href=\"https:\/\/www.glitter.si\/?page_id=44511\" \/>\n<meta property=\"og:locale\" content=\"sl_SI\" \/>\n<meta property=\"og:type\" content=\"article\" \/>\n<meta property=\"og:title\" content=\"Pi\u0161kotki - Glitter.si\" \/>\n<meta property=\"og:description\" content=\"Novi Zakon o elektronskih komunikacijah (Uradni list \u0161t. 109\/2012), ZEKom-1 je v pravni red prinesel nova pravila glede uporabe pi\u0161kotkov in podobnih tehnologij za shranjevanje informacij ali dostop do informacij, shranjenih na ra\u010dunalniku ali mobilni napravi uporabnika. 1. O pi\u0161kotkih Pi\u0161kotki\u00a0niso ni\u010d novega, vsi obiskovalci spletnih strani imamo na svojih ra\u010dunalnikih, tablicah, mobitelih shranjenih \u017ee [&hellip;]\" \/>\n<meta property=\"og:url\" content=\"https:\/\/www.glitter.si\/?page_id=44511\" \/>\n<meta property=\"og:site_name\" content=\"Glitter.si\" \/>\n<meta property=\"article:modified_time\" content=\"2026-04-24T11:43:27+00:00\" \/>\n<meta name=\"twitter:card\" content=\"summary_large_image\" \/>\n<meta name=\"twitter:label1\" content=\"Est. reading time\" \/>\n\t<meta name=\"twitter:data1\" content=\"3 minute\" \/>\n<script type=\"application\/ld+json\" class=\"yoast-schema-graph\">{\"@context\":\"https:\\\/\\\/schema.org\",\"@graph\":[{\"@type\":\"WebPage\",\"@id\":\"https:\\\/\\\/www.glitter.si\\\/?page_id=44511\",\"url\":\"https:\\\/\\\/www.glitter.si\\\/?page_id=44511\",\"name\":\"Pi\u0161kotki - Glitter.si\",\"isPartOf\":{\"@id\":\"https:\\\/\\\/www.glitter.si\\\/#website\"},\"datePublished\":\"2013-06-16T15:41:57+00:00\",\"dateModified\":\"2026-04-24T11:43:27+00:00\",\"breadcrumb\":{\"@id\":\"https:\\\/\\\/www.glitter.si\\\/?page_id=44511#breadcrumb\"},\"inLanguage\":\"sl-SI\",\"potentialAction\":[{\"@type\":\"ReadAction\",\"target\":[\"https:\\\/\\\/www.glitter.si\\\/?page_id=44511\"]}]},{\"@type\":\"BreadcrumbList\",\"@id\":\"https:\\\/\\\/www.glitter.si\\\/?page_id=44511#breadcrumb\",\"itemListElement\":[{\"@type\":\"ListItem\",\"position\":1,\"name\":\"Home\",\"item\":\"https:\\\/\\\/www.glitter.si\\\/\"},{\"@type\":\"ListItem\",\"position\":2,\"name\":\"Pi\u0161kotki\"}]},{\"@type\":\"WebSite\",\"@id\":\"https:\\\/\\\/www.glitter.si\\\/#website\",\"url\":\"https:\\\/\\\/www.glitter.si\\\/\",\"name\":\"Glitter.si\",\"description\":\"spletna stran o vsem lepem\",\"potentialAction\":[{\"@type\":\"SearchAction\",\"target\":{\"@type\":\"EntryPoint\",\"urlTemplate\":\"https:\\\/\\\/www.glitter.si\\\/?s={search_term_string}\"},\"query-input\":{\"@type\":\"PropertyValueSpecification\",\"valueRequired\":true,\"valueName\":\"search_term_string\"}}],\"inLanguage\":\"sl-SI\"}]}<\/script>\n<!-- \/ Yoast SEO plugin. -->","yoast_head_json":{"title":"Pi\u0161kotki - Glitter.si","robots":{"index":"index","follow":"follow","max-snippet":"max-snippet:-1","max-image-preview":"max-image-preview:large","max-video-preview":"max-video-preview:-1"},"canonical":"https:\/\/www.glitter.si\/?page_id=44511","og_locale":"sl_SI","og_type":"article","og_title":"Pi\u0161kotki - Glitter.si","og_description":"Novi Zakon o elektronskih komunikacijah (Uradni list \u0161t. 109\/2012), ZEKom-1 je v pravni red prinesel nova pravila glede uporabe pi\u0161kotkov in podobnih tehnologij za shranjevanje informacij ali dostop do informacij, shranjenih na ra\u010dunalniku ali mobilni napravi uporabnika. 1. O pi\u0161kotkih Pi\u0161kotki\u00a0niso ni\u010d novega, vsi obiskovalci spletnih strani imamo na svojih ra\u010dunalnikih, tablicah, mobitelih shranjenih \u017ee [&hellip;]","og_url":"https:\/\/www.glitter.si\/?page_id=44511","og_site_name":"Glitter.si","article_modified_time":"2026-04-24T11:43:27+00:00","twitter_card":"summary_large_image","twitter_misc":{"Est. reading time":"3 minute"},"schema":{"@context":"https:\/\/schema.org","@graph":[{"@type":"WebPage","@id":"https:\/\/www.glitter.si\/?page_id=44511","url":"https:\/\/www.glitter.si\/?page_id=44511","name":"Pi\u0161kotki - Glitter.si","isPartOf":{"@id":"https:\/\/www.glitter.si\/#website"},"datePublished":"2013-06-16T15:41:57+00:00","dateModified":"2026-04-24T11:43:27+00:00","breadcrumb":{"@id":"https:\/\/www.glitter.si\/?page_id=44511#breadcrumb"},"inLanguage":"sl-SI","potentialAction":[{"@type":"ReadAction","target":["https:\/\/www.glitter.si\/?page_id=44511"]}]},{"@type":"BreadcrumbList","@id":"https:\/\/www.glitter.si\/?page_id=44511#breadcrumb","itemListElement":[{"@type":"ListItem","position":1,"name":"Home","item":"https:\/\/www.glitter.si\/"},{"@type":"ListItem","position":2,"name":"Pi\u0161kotki"}]},{"@type":"WebSite","@id":"https:\/\/www.glitter.si\/#website","url":"https:\/\/www.glitter.si\/","name":"Glitter.si","description":"spletna stran o vsem lepem","potentialAction":[{"@type":"SearchAction","target":{"@type":"EntryPoint","urlTemplate":"https:\/\/www.glitter.si\/?s={search_term_string}"},"query-input":{"@type":"PropertyValueSpecification","valueRequired":true,"valueName":"search_term_string"}}],"inLanguage":"sl-SI"}]}},"_links":{"self":[{"href":"https:\/\/www.glitter.si\/index.php?rest_route=\/wp\/v2\/pages\/44511","targetHints":{"allow":["GET"]}}],"collection":[{"href":"https:\/\/www.glitter.si\/index.php?rest_route=\/wp\/v2\/pages"}],"about":[{"href":"https:\/\/www.glitter.si\/index.php?rest_route=\/wp\/v2\/types\/page"}],"author":[{"embeddable":true,"href":"https:\/\/www.glitter.si\/index.php?rest_route=\/wp\/v2\/users\/1"}],"replies":[{"embeddable":true,"href":"https:\/\/www.glitter.si\/index.php?rest_route=%2Fwp%2Fv2%2Fcomments&post=44511"}],"version-history":[{"count":1,"href":"https:\/\/www.glitter.si\/index.php?rest_route=\/wp\/v2\/pages\/44511\/revisions"}],"predecessor-version":[{"id":358722,"href":"https:\/\/www.glitter.si\/index.php?rest_route=\/wp\/v2\/pages\/44511\/revisions\/358722"}],"wp:attachment":[{"href":"https:\/\/www.glitter.si\/index.php?rest_route=%2Fwp%2Fv2%2Fmedia&parent=44511"}],"curies":[{"name":"wp","href":"https:\/\/api.w.org\/{rel}","templated":true}]}}